{"id":137,"date":"2018-10-29T14:17:21","date_gmt":"2018-10-29T14:17:21","guid":{"rendered":"https:\/\/sibadev.sef.pt\/?page_id=137"},"modified":"2024-11-26T11:29:26","modified_gmt":"2024-11-26T11:29:26","slug":"modos-de-envio","status":"publish","type":"page","link":"https:\/\/siba.ssi.gov.pt\/en\/ajuda\/modos-de-envio\/","title":{"rendered":"(Portugu\u00eas) Modos de Envio"},"content":{"rendered":"<p><\/p>\n<p>[vc_section css=&#8221;.vc_custom_1634893768334{margin-top: -140px !important;}&#8221;][vc_row][vc_column width=&#8221;1\/6&#8243;][vc_empty_space height=&#8221;50px&#8221;][vc_single_image image=&#8221;67&#8243; img_size=&#8221;full&#8221; alignment=&#8221;center&#8221; onclick=&#8221;custom_link&#8221; el_class=&#8221;box-image-text&#8221; link=&#8221;\/&#8221;][\/vc_column][vc_column width=&#8221;2\/3&#8243;][vc_empty_space height=&#8221;56px&#8221;][vc_row_inner][vc_column_inner][vc_column_text]<\/p>\n<h3 style=\"text-align: justify;\"><span style=\"color: #ffffff;\">MODOS DE ENVIO &#8211; Methods of sending Accommodation Bulletins<\/span><\/h3>\n<p>[\/vc_column_text][vc_separator align=&#8221;align_left&#8221;][vc_column_text]<i class=\"wp-svg-cogs cogs\"><\/i>\u00a0\u00a0<a href=\"#webservices\">Web Services<\/a><\/p>\n<p><i class=\"wp-svg-box-remove box-remove\"><\/i>\u00a0\u00a0<a href=\"#upload\">Upload de Ficheiros<\/a><\/p>\n<p><i class=\"wp-svg-file-4 file-4\"><\/i>\u00a0\u00a0<a href=\"#insercaopagina\">Inser\u00e7\u00e3o Direta na P\u00e1gina<\/a>[\/vc_column_text][\/vc_column_inner][\/vc_row_inner][vc_empty_space height=&#8221;16px&#8221;][vc_column_text]<\/p>\n<h4><i class=\"wp-svg-cogs cogs\"><\/i> WEB SERVICES <span id=\"webservices\" class=\"sta-anchor \" aria-hidden=\"true\"> <\/span><\/h4>\n<p>[\/vc_column_text][vc_separator style=&#8221;dashed&#8221;][vc_column_text]<\/p>\n<p style=\"text-align: justify;\">Est\u00e1 dispon\u00edvel o carregamento de Boletins de Alojamento (BA) via Web Services.<\/p>\n<p style=\"text-align: justify;\">O envio de Boletins de Alojamento em formato eletr\u00f3nico \u00e9 precedido de um registo pr\u00e9vio na <a href=\"\/s\">\u00e1rea reservada do\u00a0Portal SIBA<\/a>.<\/p>\n<p>[\/vc_column_text][vc_empty_space height=&#8221;16px&#8221;][vc_column_text]<\/p>\n<h6><i class=\"wp-svg-arrow-right-2 arrow-right-2\"><\/i> URL de Acesso<\/h6>\n<p>[\/vc_column_text][vc_column_text]<\/p>\n<p style=\"text-align: justify;\">Para criar o WSDL para acesso aos Web Services abra o browser e aceda ao seguinte endere\u00e7o:<\/p>\n<p><strong>Ambiente de desenvolvimento<\/strong><br \/>\nhttps:\/\/siba.sef.pt\/bawsdev\/boletinsalojamento.asmx?wsdl<br \/>\n<strong>Ambiente de produ\u00e7\u00e3o<\/strong><br \/>\nhttps:\/\/siba.sef.pt\/baws\/boletinsalojamento.asmx?wsdl<\/p>\n<p><a href=\"\/files\/SEFRootCA.zip\" target=\"_blank\" rel=\"noopener\"><i class=\"wp-svg-download download\"><\/i> SEF Root CA<\/a>[\/vc_column_text][vc_empty_space height=&#8221;16px&#8221;][vc_column_text]<\/p>\n<h6><i class=\"wp-svg-arrow-right-2 arrow-right-2\"><\/i> M\u00e9todo Dispon\u00edvel<\/h6>\n<p>[\/vc_column_text][vc_column_text]<\/p>\n<p style=\"text-align: justify;\"><em><strong>EntregaBoletinsAlojamento\u00a0<\/strong>(UnidadeHoteleira As String, Estabelecimento As String, ChaveAcesso as string, Boletins As String) As String<\/em>.<\/p>\n<p style=\"text-align: justify;\">Em que:<br \/>\n&lt;UnidadeHoteleira&gt; \u00e9 o NIPC da unidade hoteleira<br \/>\n&lt;Estabelecimento&gt; \u00e9 o n\u00famero de estabelecimento fornecido pelo SEF<br \/>\n&lt;ChaveAcesso&gt; \u00e9 a chave de ativa\u00e7\u00e3o\/autentica\u00e7\u00e3o fornecida pelo SEF em of\u00edcio enviado ap\u00f3s o registo.<br \/>\n&lt;Boletins&gt; Conte\u00fado em formato XML de acordo com o ficheiro\u00a0<a href=\"\/s\/documentacao\/XSD\/bal.XSD\" target=\"_blank\" rel=\"noopener\">BAL.XSD<\/a>.<\/p>\n<p style=\"text-align: justify;\"><strong>&lt;UnidadeHoteleira&gt;\u00a0<\/strong><br \/>\nEste par\u00e2metro deve ter o NIPC da Unidade Hoteleira &#8211; 9 caracteres num\u00e9ricos<\/p>\n<p style=\"text-align: justify;\"><strong>&lt;Estabelecimento&gt;<\/strong><br \/>\nO n\u00famero de estabelecimento \u00e9 fornecido pelo SEF ap\u00f3s o registo da Unidade Hoteleira. Corresponde ao n\u00famero de ordem da Unidade Hoteleira para o mesmo NIPC. A primeira Unidade Hoteleira a registar-se com um NIPC receber\u00e1 o n\u00famero de estabelecimento &#8217;00&#8217;.<\/p>\n<p style=\"text-align: justify;\"><strong>&lt;ChaveAcesso&gt;<br \/>\n<\/strong>A Chave de Ativa\u00e7\u00e3o\/Autentica\u00e7\u00e3o fornecida pelo SEF\u00a0 ap\u00f3s o registo da Unidade Hoteleira.<br \/>\nEsta chave \u00e9 composta apenas por d\u00edgitos.<\/p>\n<p style=\"text-align: justify;\"><strong>&lt;Boletins&gt;<\/strong><br \/>\nEste m\u00e9todo recebe neste par\u00e2metro um conjunto de caracteres correspondentes a um ficheiro XML com o formato definido pelo ficheiro\u00a0\u00a0<a href=\"\/s\/documentacao\/XSD\/bal.XSD\" target=\"_blank\" rel=\"noopener\">BAL.XSD<\/a>.<br \/>\nO conte\u00fado suportado \u00e9 Base64.[\/vc_column_text][vc_empty_space height=&#8221;16px&#8221;][vc_column_text]<\/p>\n<h6><i class=\"wp-svg-arrow-right-2 arrow-right-2\"><\/i> <strong>Formato do conte\u00fado XML<\/strong><\/h6>\n<p>[\/vc_column_text][vc_column_text]<\/p>\n<p style=\"text-align: justify;\">Equivale a 3 tabelas com os seguintes conte\u00fados:<\/p>\n<p style=\"text-align: justify;\"><strong>Tabela &#8211; Unidade_Hoteleira<br \/>\n<\/strong>Esta \u00a0tabela tem os dados de identifica\u00e7\u00e3o da unidade hoteleira. Os campos s\u00e3o todos obrigat\u00f3rios exceto o &lt;Fax&gt;.<br \/>\nAs altera\u00e7\u00f5es de Morada, Telefone\/Fax e contacto s\u00e3o atualizados por esta tabela. Para altera\u00e7\u00e3o dos restantes dados de identifica\u00e7\u00e3o dever\u00e1 contactar o SEF.<\/p>\n<table class=\"tabela\">\n<tbody>\n<tr class=\"tabelacabecalho\">\n<td><strong>Campo<\/strong><\/td>\n<td><strong>Tipo<\/strong><\/td>\n<td><strong>Tamanho M\u00e1x<\/strong><\/td>\n<td><strong>Descri\u00e7\u00e3o \/ Valida\u00e7\u00e3o<\/strong><\/td>\n<\/tr>\n<tr>\n<td>C\u00f3digo_Unidade_Hoteleira<\/td>\n<td>Digitos<\/td>\n<td>9<\/td>\n<td>NIPC<\/td>\n<\/tr>\n<tr>\n<td>Estabelecimento<\/td>\n<td>Num\u00e9rico<\/td>\n<td>4<\/td>\n<td>N\u00famero de ordem da Unidade Hoteleira<\/td>\n<\/tr>\n<tr>\n<td>Nome<\/td>\n<td>Alfanum\u00e9rico<\/td>\n<td>40<\/td>\n<td>Nome da Unidade Hoteleira<\/td>\n<\/tr>\n<tr>\n<td>Abreviatura<\/td>\n<td>Alfanum\u00e9rico<\/td>\n<td>15<\/td>\n<td>Abreviatura do Nome<\/td>\n<\/tr>\n<tr>\n<td>Morada<\/td>\n<td>Alfanum\u00e9rico<\/td>\n<td>40<\/td>\n<td>Morada do estabelecimento<\/td>\n<\/tr>\n<tr>\n<td>Localidade<\/td>\n<td>Alfanum\u00e9rico<\/td>\n<td>30<\/td>\n<td><\/td>\n<\/tr>\n<tr>\n<td>Codigo_Postal<\/td>\n<td>Num\u00e9rico<\/td>\n<td>4<\/td>\n<td><\/td>\n<\/tr>\n<tr>\n<td>Zona_Postal<\/td>\n<td>Num\u00e9rico<\/td>\n<td>3<\/td>\n<td><\/td>\n<\/tr>\n<tr>\n<td>Telefone<\/td>\n<td>Digitos<\/td>\n<td>9<\/td>\n<td><\/td>\n<\/tr>\n<tr>\n<td>Fax<\/td>\n<td>Digitos<\/td>\n<td>9<\/td>\n<td><\/td>\n<\/tr>\n<tr>\n<td>Nome_Contacto<\/td>\n<td>Alfanum\u00e9rico<\/td>\n<td>40<\/td>\n<td><\/td>\n<\/tr>\n<tr>\n<td>Email_Contacto<\/td>\n<td>Alfanum\u00e9rico<\/td>\n<td>140<\/td>\n<td><\/td>\n<\/tr>\n<\/tbody>\n<\/table>\n<p style=\"text-align: justify;\"><strong><br \/>\nTabela &#8211; Boletim_Alojamento<br \/>\n<\/strong>Esta tabela tem os Boletins de Alojamento. Os campos s\u00e3o todos obrigat\u00f3rios exceto o &lt;Nome&gt; ; &lt;Local_Nascimento&gt; e &lt;Data_Saida&gt;.<\/p>\n<table class=\"tabela\">\n<tbody>\n<tr class=\"tabelacabecalho\">\n<td><strong>Campo<\/strong><\/td>\n<td><strong>Tipo<\/strong><\/td>\n<td><strong>Tamanho M\u00e1x<\/strong><\/td>\n<td><strong>Descri\u00e7\u00e3o \/ Valida\u00e7\u00e3o<\/strong><\/td>\n<\/tr>\n<tr>\n<td>Apelido<\/td>\n<td>Alfa<\/td>\n<td>40<\/td>\n<td>Se o nome do h\u00f3spede s\u00f3 tiver um nome, este dever\u00e1 ser posto neste campo e o nome vir\u00e1 a espa\u00e7os.<\/td>\n<\/tr>\n<tr>\n<td>Nome<\/td>\n<td>Alfa<\/td>\n<td>40<\/td>\n<td>O Nome e o Apelido devem ser constituidos apenas pelos seguintes caracteres:\u00a0 [A : Z] e [\u00c7\u00c3\u00c1\u00c0\u00c9\u00ca\u00cd\u00d5\u00d4\u00d3\u00da&#8217;-]e espa\u00e7o.<\/td>\n<\/tr>\n<tr>\n<td>Nacionalidade<\/td>\n<td>Alfa<\/td>\n<td>3<\/td>\n<td><a title=\"Tabela de Pa\u00edses\" href=\"\/ajuda\/modos-de-envio\/lista-de-paises\/\" rel=\"noopener\">C\u00f3digos de pa\u00edses<\/a>\u00a0definido pela ICAO norma 9303<\/td>\n<\/tr>\n<tr>\n<td>Data_Nascimento<\/td>\n<td>Data<\/td>\n<td><\/td>\n<td>Data anterior ao dia corrente.\u00a0 Quando o documento de identifica\u00e7\u00e3o do h\u00f3spede n\u00e3o mencionar o m\u00eas e o dia de nascimento, deve ser assumido o dia 1 de janeiro.<\/td>\n<\/tr>\n<tr>\n<td>Local_Nascimento<\/td>\n<td>Alfanum\u00e9rico<\/td>\n<td>30<\/td>\n<td><\/td>\n<\/tr>\n<tr>\n<td>Documento_Identificacao<\/td>\n<td>Alfanum\u00e9rico<\/td>\n<td>16<\/td>\n<td>N\u00famero de documento de identifica\u00e7\u00e3o s\u00f3 com caracteres de &#8216;0&#8217; a &#8216;9&#8217; e de &#8216;A&#8217; a &#8216;Z&#8217;<\/td>\n<\/tr>\n<tr>\n<td>Tipo_Documento_Identificacao<\/td>\n<td>Alfa<\/td>\n<td>3<\/td>\n<td>&#8216;P&#8217; &#8211; Passaporte<br \/>\n&#8216;B&#8217; &#8211; Bilhete de Identidade<br \/>\n&#8216;O&#8217; &#8211; Outro tipo de Documento<\/td>\n<\/tr>\n<tr>\n<td>Pais_Emissor_Documento<\/td>\n<td>Alfa<\/td>\n<td>3<\/td>\n<td><a href=\"\/ajuda\/modos-de-envio\/lista-de-paises\/\" rel=\"noopener\">C\u00f3digos de pa\u00edses<\/a>\u00a0definido pela ICAO norma 9303<\/td>\n<\/tr>\n<tr>\n<td>Data_Entrada<\/td>\n<td>Data<\/td>\n<td><\/td>\n<td>Igual ou anterior \u00e0 data do dia<\/td>\n<\/tr>\n<tr>\n<td>Data_Saida<\/td>\n<td>Data<\/td>\n<td><\/td>\n<td>Se preenchido deve ser igual ou posterior \u00e0 data de entrada<\/td>\n<\/tr>\n<tr>\n<td>Pais_Residencia_Origem<\/td>\n<td>Alfa<\/td>\n<td>3<\/td>\n<td><a href=\"\/ajuda\/modos-de-envio\/lista-de-paises\/\" rel=\"noopener\">C\u00f3digos de pa\u00edses<\/a>\u00a0definido pela ICAO norma 9303<\/td>\n<\/tr>\n<tr>\n<td>Local_Residencia_Origem<\/td>\n<td>Alfanum\u00e9rica<\/td>\n<td>30<\/td>\n<td><\/td>\n<\/tr>\n<\/tbody>\n<\/table>\n<p style=\"text-align: justify;\"><strong><br \/>\nTabela &#8211; Envio<br \/>\n<\/strong>Esta tabela tem apenas alguns dados de controlo.<\/p>\n<table class=\"tabela\">\n<tbody>\n<tr class=\"tabelacabecalho\">\n<td><strong>Campo<\/strong><\/td>\n<td><strong>Tipo<\/strong><\/td>\n<td><strong>Tamanho M\u00e1x<\/strong><\/td>\n<td><strong>Descri\u00e7\u00e3o \/ Valida\u00e7\u00e3o<\/strong><\/td>\n<\/tr>\n<tr>\n<td>Numero_Ficheiro<\/td>\n<td>Num\u00e9rico<\/td>\n<td>5<\/td>\n<td>N\u00famero de ordem de conte\u00fado XML gerado pela Unidade Hoteleira<\/td>\n<\/tr>\n<tr>\n<td>Data_Movimento<\/td>\n<td>Data<\/td>\n<td><\/td>\n<td>Data de gera\u00e7\u00e3o do cont\u00e9udo XML<\/td>\n<\/tr>\n<\/tbody>\n<\/table>\n<p>[\/vc_column_text][vc_empty_space height=&#8221;16px&#8221;][vc_column_text]<\/p>\n<h6><i class=\"wp-svg-arrow-right-2 arrow-right-2\"><\/i> <strong>Carregamento de Boletins de Alojamento<\/strong><\/h6>\n<p>[\/vc_column_text][vc_column_text]<\/p>\n<p style=\"text-align: justify;\">O carregamento dos Boletins de Alojamento \u00e9 feito chamando o m\u00e9todo:<br \/>\n<em><strong>EntregaBoletinsAlojamento\u00a0<\/strong>(UnidadeHoteleira As String, Estabelecimento As String, ChaveAcesso as string, Boletins As String) As String<\/em>.<\/p>\n<p style=\"text-align: justify;\">\u00a0O retorno chegar\u00e1 \u00e0 unidade hoteleira por duas vias:<\/p>\n<ol style=\"text-align: justify;\">\n<li style=\"text-align: justify;\">Retorno do m\u00e9todo<\/li>\n<li style=\"text-align: justify;\">Email para o contacto registado na base de dados do SEF.<\/li>\n<\/ol>\n<p style=\"text-align: justify;\"><strong>Retorno do M\u00e9todo<\/strong><\/p>\n<p style=\"text-align: justify;\">Se o retorno for igual a &#8216;0&#8217;, significa que os boletins de alojamento foram carregados com sucesso e um e-mail de confirma\u00e7\u00e3o ser\u00e1 enviado para o e-mail registado na base de dados.<\/p>\n<p style=\"text-align: justify;\">Se o retorno for diferente de &#8216;0&#8217;, ent\u00e3o corresponde a um conte\u00fado XML com o seguinte formato:<\/p>\n<p style=\"text-align: justify;\">&lt;<strong>Codigo_Retorno<\/strong>&gt; &#8211; C\u00f3digo do erro detetado<br \/>\n&lt;<strong>Descricao<\/strong>&gt; &#8211; Descri\u00e7\u00e3o do erro detetado<\/p>\n<p style=\"text-align: justify;\"><strong>C\u00f3digo Exemplo<\/strong><\/p>\n<p style=\"text-align: justify;\">Pode fazer o Download de um\u00a0<a href=\"\/files\/EnvioBA.zip\" target=\"_blank\" rel=\"noopener\">Programa de Envio<\/a>\u00a0em MS Visual Studio 2005. Este o c\u00f3digo pode ser usado e alterado livremente. O SEF n\u00e3o assume qualquer responsabilidade de preju\u00edzos ou perdas provocadas pela utiliza\u00e7\u00e3o do mesmo.<\/p>\n<p style=\"text-align: justify;\">Este pequeno programa faz o envio de um ficheiro XML com os boletins de alojamento. Para tal \u00e9 necess\u00e1rio fazer as seguintes parameteriza\u00e7\u00f5es:<\/p>\n<p style=\"text-align: justify;\">1 &#8211;\u00a0 Sub Main()<\/p>\n<p style=\"text-align: justify;\">Se a primeira linha tiver &#8211;&gt; &#8220;<strong>Dim wsSEF As New pt.sef.wwwDev.BoletinsAlojamento<\/strong>&#8221; ent\u00e3o est\u00e1 a usar os web services de Desenvolvimento e Teste. Para usar os Web Services de Produ\u00e7\u00e3o tem de substituir por &#8220;<strong>Dim wsSEF As New pt.sef.www.BoletinsAlojamento<\/strong>&#8220;<\/p>\n<p style=\"text-align: justify;\">2 &#8211; Ficheiro\u00a0<strong>EnviarBA.exe.config<\/strong>\u00a0\/\u00a0<strong>app.config<\/strong><\/p>\n<p style=\"text-align: justify;\">Este ficheiro xml tem informa\u00e7\u00e3o de configura\u00e7\u00e3o da aplica\u00e7\u00e3o. Tem de alterar os valores associados \u00e0s Tags\u00a0<strong>UnidadeHoteleira<\/strong>\u00a0;\u00a0<strong>Estabelecimento<\/strong>\u00a0e\u00a0<strong>ChaveAcesso<\/strong>\u00a0em conformidade com os dados fornecidos em of\u00edcio emitido pelo SEF ap\u00f3s o pr\u00e9-registo da Unidade Hoteleira.<\/p>\n<p style=\"text-align: justify;\">Quando fizer o download a aplica\u00e7\u00e3o estar\u00e1 parameterizadas para aceder ao web service de desenvolvimento e teste, usando os dados de uma unidade hoteleira fict\u00edcia.<\/p>\n<p style=\"text-align: justify;\">Para executar este programa abra a janela de linha de comandos (cmd.exe) e execute o comando:<br \/>\n&lt;PATH_DO_EXECUTAVEL&gt;\\EnviarBA.exe &lt;Ficheiro_de_Boletins.xml&gt;[\/vc_column_text][vc_empty_space][vc_column_text]<\/p>\n<h4><i class=\"wp-svg-box-remove box-remove\"><\/i> UPLOAD DE FICHEIROS\u00a0<span id=\"upload\" class=\"sta-anchor \" aria-hidden=\"true\"> <\/span><\/h4>\n<p>[\/vc_column_text][vc_separator style=&#8221;dashed&#8221;][vc_column_text]<\/p>\n<p style=\"text-align: justify;\"><strong>Estrutura do ficheiro de texto:<\/strong><br \/>\nNomenclatura &#8211; &lt;NIF&gt;&lt;Estabelecimento&gt;&lt;Numero de Ficheiro&gt;.DAT<\/p>\n<p style=\"text-align: justify;\">O ficheiro ter\u00e1 os seguintes 3 tipos de registo:<\/p>\n<table class=\"doctabelaTexto\">\n<tbody>\n<tr>\n<td>Registo de Cabe\u00e7alho<\/td>\n<td>Tipo 0<\/td>\n<\/tr>\n<tr>\n<td>Registo de Boletim<\/td>\n<td>Tipo 1<\/td>\n<\/tr>\n<tr>\n<td>Registo de Resumo<\/td>\n<td>Tipo 9<\/td>\n<\/tr>\n<\/tbody>\n<\/table>\n<p style=\"text-align: justify;\"><strong>Nota:<\/strong> Os campos terminam todos com um caracter | (pipe)<\/p>\n<table class=\"doctabelaTexto\">\n<tbody>\n<tr>\n<td colspan=\"4\"><strong>1\u00ba Registo<\/strong><\/td>\n<\/tr>\n<tr class=\"doctabelaPrimeiraLinha\">\n<td><b>Campo<\/b><\/td>\n<td><b>Tipo<\/b><\/td>\n<td><b>Tamanho<\/b><\/td>\n<td><b>Descri\u00e7\u00e3o \/ Valida\u00e7\u00e3o<\/b><\/td>\n<\/tr>\n<tr class=\"doctabelaTexto\">\n<td>Tipo Registo<\/td>\n<td>D\u00edgitos<\/td>\n<td>1<\/td>\n<td>&#8216;0&#8217; Valor Fixo<\/td>\n<\/tr>\n<tr class=\"doctabelaTexto\">\n<td>Tipo Ficheiro<\/td>\n<td>Alfanum\u00e9rico Limitado<\/td>\n<td>4<\/td>\n<td>&#8216;BA03&#8217; Valor fixo<\/td>\n<\/tr>\n<tr class=\"doctabelaTexto\">\n<td>NIF<\/td>\n<td>D\u00edgitos<\/td>\n<td>9<\/td>\n<td>N\u00famero de identifica\u00e7\u00e3o fiscal da Unidade Hoteleira<\/td>\n<\/tr>\n<tr class=\"doctabelaTexto\">\n<td>Estabelecimento<\/td>\n<td>Num\u00e9rico<\/td>\n<td>4<\/td>\n<td>N\u00famero do Estabelecimento<\/td>\n<\/tr>\n<tr class=\"doctabelaTexto\">\n<td>Nome<\/td>\n<td>Alfab\u00e9tico limitado<\/td>\n<td>40<\/td>\n<td>Nome<\/td>\n<\/tr>\n<tr class=\"doctabelaTexto\">\n<td>Morada<\/td>\n<td>Alfab\u00e9tico Limitado<\/td>\n<td>40<\/td>\n<td>Morada da UH<\/td>\n<\/tr>\n<tr class=\"doctabelaTexto\">\n<td>Localidade<\/td>\n<td>Alfab\u00e9tico Limitado<\/td>\n<td>30<\/td>\n<td><\/td>\n<\/tr>\n<tr class=\"doctabelaTexto\">\n<td>Codigo Postal<\/td>\n<td>D\u00edgitos<\/td>\n<td>4<\/td>\n<td>4 primeiros d\u00edgitos do c\u00f3digo postal<\/td>\n<\/tr>\n<tr class=\"doctabelaTexto\">\n<td>Zona Postal<\/td>\n<td>D\u00edgitos<\/td>\n<td>3<\/td>\n<td>\u00daltimos 3 d\u00edgitos do c\u00f3digo postal<\/td>\n<\/tr>\n<tr class=\"doctabelaTexto\">\n<td>Telefone<\/td>\n<td>N\u00famero<\/td>\n<td>10<\/td>\n<td>Telefone<\/td>\n<\/tr>\n<tr class=\"doctabelaTexto\">\n<td>Fax<\/td>\n<td>N\u00famero<\/td>\n<td>10<\/td>\n<td>Fax<\/td>\n<\/tr>\n<tr class=\"doctabelaTexto\">\n<td>Nome Contacto<\/td>\n<td>Alfab\u00e9tico Limitado<\/td>\n<td>40<\/td>\n<td>Nome do contacto na UH<\/td>\n<\/tr>\n<tr class=\"doctabelaTexto\">\n<td>e-Mail Contacto<\/td>\n<td>Email<\/td>\n<td>140<\/td>\n<td>e-mail do contacto na UH<\/td>\n<\/tr>\n<\/tbody>\n<\/table>\n<p>&nbsp;<\/p>\n<table class=\"doctabelaTexto\">\n<tbody>\n<tr>\n<td colspan=\"4\"><strong>Registos Seguintes<\/strong><\/td>\n<\/tr>\n<tr class=\"doctabelaPrimeiraLinha\">\n<td><b>Campo<\/b><\/td>\n<td><b>Tipo<\/b><\/td>\n<td><b>Tamanho<\/b><\/td>\n<td><b>Descri\u00e7\u00e3o \/ Valida\u00e7\u00e3o<\/b><\/td>\n<\/tr>\n<tr class=\"doctabelaTexto\">\n<td>Tipo Registo<\/td>\n<td>D\u00edgitos<\/td>\n<td>1<\/td>\n<td>1 Valor Fixo<\/td>\n<\/tr>\n<tr class=\"doctabelaTexto\">\n<td>Apelido<\/td>\n<td>Alfab\u00e9tico Nome<\/td>\n<td>40<\/td>\n<td>Apelido do h\u00f3spede<\/td>\n<\/tr>\n<tr class=\"doctabelaTexto\">\n<td>Nome<\/td>\n<td>Alfab\u00e9tico Nome<\/td>\n<td>40<\/td>\n<td>Este campo pode n\u00e3o ser preenchido se o nome completo do h\u00f3spede s\u00f3 tiver um nome. Neste caso esse nome dever\u00e1 estar no campo Apelido.<\/td>\n<\/tr>\n<tr class=\"doctabelaTexto\">\n<td>Nacionalidade<\/td>\n<td>Alfab\u00e9tico<\/td>\n<td>3<\/td>\n<td>C\u00f3digo de Nacionalidade &#8211;\u00a0<a href=\"\/ajuda\/modos-de-envio\/lista-de-paises\/\" rel=\"noopener\">Tabela ICAO<\/a><\/td>\n<\/tr>\n<tr class=\"doctabelaTexto\">\n<td>Local de Nascimento<\/td>\n<td>Alfab\u00e9tico limitado<\/td>\n<td>40<\/td>\n<td>Local de Nascimento. Este campo \u00e9 opcional<\/td>\n<\/tr>\n<tr class=\"doctabelaTexto\">\n<td>Data Nascimento<\/td>\n<td>D\u00edgitos<\/td>\n<td>8<\/td>\n<td>Data de Nascimento \u2013 anterior \u00e0 data do dia. Quando o documento de identifica\u00e7\u00e3o do h\u00f3spede n\u00e3o mencionar o m\u00eas e o dia de nascimento, deve ser assumido o dia 1 de janeiro.\u2013 Formato AAAAMMDD.<\/td>\n<\/tr>\n<tr class=\"doctabelaTexto\">\n<td>N\u00famero Documento<\/td>\n<td>Alfanum\u00e9rico Limitado<\/td>\n<td>16<\/td>\n<td>N\u00famero do documento de identifica\u00e7\u00e3o sem espa\u00e7os embebidos<\/td>\n<\/tr>\n<tr class=\"doctabelaTexto\">\n<td>Tipo Documento<\/td>\n<td>Alfab\u00e9tico limitado<\/td>\n<td>3<\/td>\n<td>B &#8211; Bilhete de Identidade<br \/>\nP \u2013 Passaporte<br \/>\nO \u2013 Outro documento de identifica\u00e7\u00e3o<\/td>\n<\/tr>\n<tr class=\"doctabelaTexto\">\n<td>Pa\u00eds Emissor<\/td>\n<td>Alfab\u00e9tico<\/td>\n<td>3<\/td>\n<td>C\u00f3digo de Pa\u00eds &#8211;\u00a0<a href=\"\/ajuda\/modos-de-envio\/lista-de-paises\/\" rel=\"noopener\">Tabela ICAO<\/a><\/td>\n<\/tr>\n<tr class=\"doctabelaTexto\">\n<td>Pa\u00eds Resid\u00eancia<\/td>\n<td>Alfab\u00e9tico<\/td>\n<td>3<\/td>\n<td>C\u00f3digo de Pa\u00eds &#8211;\u00a0<a href=\"\/ajuda\/modos-de-envio\/lista-de-paises\/\" rel=\"noopener\">Tabela ICAO<\/a><\/td>\n<\/tr>\n<tr class=\"doctabelaTexto\">\n<td>Local Resid\u00eancia<\/td>\n<td>Alfab\u00e9tico limitado<\/td>\n<td>30<\/td>\n<td>Local habitual de resid\u00eancia. Este campo \u00e9 opcional.<\/td>\n<\/tr>\n<tr class=\"doctabelaTexto\">\n<td>Data Entrada<\/td>\n<td>D\u00edgitos<\/td>\n<td>8<\/td>\n<td>Igual ou anterior \u00e0 data do dia \u2013 Formato AAAAMMDD<\/td>\n<\/tr>\n<tr class=\"doctabelaTexto\">\n<td>Data Sa\u00edda<\/td>\n<td>D\u00edgitos<\/td>\n<td>8<\/td>\n<td>Se preenchido deve ser igual ou posterior \u00e0 data de entrada \u2013 Formato AAAAMMDD.<\/td>\n<\/tr>\n<\/tbody>\n<\/table>\n<p>&nbsp;<\/p>\n<table class=\"doctabelaTexto\">\n<tbody>\n<tr>\n<td colspan=\"4\"><strong>\u00daltimo Registo<\/strong><\/td>\n<\/tr>\n<tr class=\"doctabelaPrimeiraLinha\">\n<td><b>Campo<\/b><\/td>\n<td><b>Tipo<\/b><\/td>\n<td><b>Tamanho<\/b><\/td>\n<td><b>Descri\u00e7\u00e3o \/ Valida\u00e7\u00e3o<\/b><\/td>\n<\/tr>\n<tr class=\"doctabelaTexto\">\n<td>Tipo Registo<\/td>\n<td>D\u00edgitos<\/td>\n<td>1<\/td>\n<td>9 Valor fixo<\/td>\n<\/tr>\n<tr class=\"doctabelaTexto\">\n<td>N\u00famero Registos<\/td>\n<td>N\u00famero<\/td>\n<td>5<\/td>\n<td>N\u00famero total de registos do ficheiro incluindo este.<\/td>\n<\/tr>\n<tr class=\"doctabelaTexto\">\n<td>Data<\/td>\n<td>D\u00edgitos<\/td>\n<td>8<\/td>\n<td>Data de gera\u00e7\u00e3o do ficheiro \u2013 Formato AAAAMMDD. A Data tem de ser anterior ou igual \u00e0 data do dia<\/td>\n<\/tr>\n<tr class=\"doctabelaTexto\">\n<td>N\u00famero Ficheiro<\/td>\n<td>N\u00famero<\/td>\n<td>5<\/td>\n<td>N\u00famero de s\u00e9rie do ficheiro da Unidade Hoteleira<\/td>\n<\/tr>\n<\/tbody>\n<\/table>\n<p>&nbsp;<\/p>\n<table class=\"doctabelaTexto\">\n<tbody>\n<tr>\n<td colspan=\"2\"><strong>Tipos de Campo<\/strong><\/td>\n<\/tr>\n<tr class=\"doctabelaPrimeiraLinha\">\n<td><b>Tipo<\/b><\/td>\n<td><b>Descri\u00e7\u00e3o \/ Valida\u00e7\u00e3o<\/b><\/td>\n<\/tr>\n<tr class=\"doctabelaTexto\">\n<td>Alfab\u00e9tico Nome<\/td>\n<td>S\u00f3 mai\u00fasculas, caracteres [A : Z] e [\u00c7\u00c3\u00c1\u00c0\u00c9\u00ca\u00cd\u00d5\u00d4\u00d3\u00da&#8217;-] e espa\u00e7o, n\u00e3o pode ser iniciado por espa\u00e7o.<\/td>\n<\/tr>\n<tr class=\"doctabelaTexto\">\n<td>Alfab\u00e9tico Limitado<\/td>\n<td>S\u00f3 mai\u00fasculas, caracteres [A:Z] ; espa\u00e7o; H\u00edfen; Aspas; Apostrofo; Virgula; Ponto<\/td>\n<\/tr>\n<tr class=\"doctabelaTexto\">\n<td>Alfab\u00e9tico<\/td>\n<td>Caracteres [A:Z] ; Caracteres Mai\u00fasculos; pontua\u00e7\u00e3o ; Espa\u00e7o<\/td>\n<\/tr>\n<tr class=\"doctabelaTexto\">\n<td>Alfanum\u00e9rico Limitado<\/td>\n<td>Caracteres [A:Z] e [0:9]<\/td>\n<\/tr>\n<tr class=\"doctabelaTexto\">\n<td>N\u00famero<\/td>\n<td>[0:9]<\/td>\n<\/tr>\n<tr class=\"doctabelaTexto\">\n<td>D\u00edgitos<\/td>\n<td>[0:9], N\u00famero de d\u00edgitos indicado<\/td>\n<\/tr>\n<tr class=\"doctabelaTexto\">\n<td>email<\/td>\n<td>[A:Z]; sublinhado;h\u00edfen inclui um @ e pelo menos um ponto<\/td>\n<\/tr>\n<\/tbody>\n<\/table>\n<p>[\/vc_column_text][vc_empty_space][vc_column_text]<\/p>\n<h4><i class=\"wp-svg-file-4 file-4\"><\/i> INSER\u00c7\u00c3O DIRETA NA P\u00c1GINA\u00a0<span id=\"insercaopagina\" class=\"sta-anchor \" aria-hidden=\"true\"> <\/span><\/h4>\n<p>[\/vc_column_text][vc_separator style=&#8221;dashed&#8221;][vc_column_text]<\/p>\n<p style=\"text-align: justify;\">Ao proceder ao envio por esta via as Unidades Hoteleiras far\u00e3o o registo e envio dos Boletins de Alojamento diretamente na p\u00e1gina do SIBA.<\/p>\n<p style=\"text-align: justify;\">Consulte o Manual do Utilizador.<\/p>\n<p>[\/vc_column_text][vc_empty_space][\/vc_column][\/vc_row][\/vc_section]<\/p>\n<p><\/p>","protected":false},"excerpt":{"rendered":"<p>[vc_section css=&#8221;.vc_custom_1634893768334{margin-top: -140px !important;}&#8221;][vc_row][vc_column width=&#8221;1\/6&#8243;][vc_empty_space height=&#8221;50px&#8221;][vc_single_image image=&#8221;67&#8243; img_size=&#8221;full&#8221; alignment=&#8221;center&#8221; onclick=&#8221;custom_link&#8221; el_class=&#8221;box-image-text&#8221; link=&#8221;\/&#8221;][\/vc_column][vc_column width=&#8221;2\/3&#8243;][vc_empty_space height=&#8221;56px&#8221;][vc_row_inner][vc_column_inner][vc_column_text] MODOS DE ENVIO &#8211; Methods of&#8230;<\/p>\n","protected":false},"author":1,"featured_media":0,"parent":26,"menu_order":0,"comment_status":"closed","ping_status":"closed","template":"","meta":{"footnotes":""},"class_list":["post-137","page","type-page","status-publish"],"_links":{"self":[{"href":"https:\/\/siba.ssi.gov.pt\/en\/wp-json\/wp\/v2\/pages\/137","targetHints":{"allow":["GET"]}}],"collection":[{"href":"https:\/\/siba.ssi.gov.pt\/en\/wp-json\/wp\/v2\/pages"}],"about":[{"href":"https:\/\/siba.ssi.gov.pt\/en\/wp-json\/wp\/v2\/types\/page"}],"author":[{"embeddable":true,"href":"https:\/\/siba.ssi.gov.pt\/en\/wp-json\/wp\/v2\/users\/1"}],"replies":[{"embeddable":true,"href":"https:\/\/siba.ssi.gov.pt\/en\/wp-json\/wp\/v2\/comments?post=137"}],"version-history":[{"count":144,"href":"https:\/\/siba.ssi.gov.pt\/en\/wp-json\/wp\/v2\/pages\/137\/revisions"}],"predecessor-version":[{"id":626,"href":"https:\/\/siba.ssi.gov.pt\/en\/wp-json\/wp\/v2\/pages\/137\/revisions\/626"}],"up":[{"embeddable":true,"href":"https:\/\/siba.ssi.gov.pt\/en\/wp-json\/wp\/v2\/pages\/26"}],"wp:attachment":[{"href":"https:\/\/siba.ssi.gov.pt\/en\/wp-json\/wp\/v2\/media?parent=137"}],"curies":[{"name":"wp","href":"https:\/\/api.w.org\/{rel}","templated":true}]}}