{"id":162,"date":"2018-10-29T22:28:40","date_gmt":"2018-10-29T22:28:40","guid":{"rendered":"https:\/\/sibadev.sef.pt\/?page_id=162"},"modified":"2018-10-30T15:52:49","modified_gmt":"2018-10-30T15:52:49","slug":"lista-de-paises","status":"publish","type":"page","link":"https:\/\/siba.ssi.gov.pt\/en\/ajuda\/modos-de-envio\/lista-de-paises\/","title":{"rendered":"(Portugu\u00eas) Lista de Pa\u00edses | C\u00f3digos ICAO"},"content":{"rendered":"<p class=\"qtranxs-available-languages-message qtranxs-available-languages-message-en\">Sorry, this entry is only available in <a href=\"https:\/\/siba.ssi.gov.pt\/pt\/wp-json\/wp\/v2\/pages\/162\" class=\"qtranxs-available-language-link qtranxs-available-language-link-pt\" title=\"Portugu\u00eas\">Portugu\u00eas<\/a>.<\/p>","protected":false},"excerpt":{"rendered":"<p>Sorry, this entry is only available in Portugu\u00eas.<\/p>\n","protected":false},"author":1,"featured_media":0,"parent":137,"menu_order":0,"comment_status":"closed","ping_status":"closed","template":"","meta":{"footnotes":""},"class_list":["post-162","page","type-page","status-publish"],"_links":{"self":[{"href":"https:\/\/siba.ssi.gov.pt\/en\/wp-json\/wp\/v2\/pages\/162","targetHints":{"allow":["GET"]}}],"collection":[{"href":"https:\/\/siba.ssi.gov.pt\/en\/wp-json\/wp\/v2\/pages"}],"about":[{"href":"https:\/\/siba.ssi.gov.pt\/en\/wp-json\/wp\/v2\/types\/page"}],"author":[{"embeddable":true,"href":"https:\/\/siba.ssi.gov.pt\/en\/wp-json\/wp\/v2\/users\/1"}],"replies":[{"embeddable":true,"href":"https:\/\/siba.ssi.gov.pt\/en\/wp-json\/wp\/v2\/comments?post=162"}],"version-history":[{"count":28,"href":"https:\/\/siba.ssi.gov.pt\/en\/wp-json\/wp\/v2\/pages\/162\/revisions"}],"predecessor-version":[{"id":300,"href":"https:\/\/siba.ssi.gov.pt\/en\/wp-json\/wp\/v2\/pages\/162\/revisions\/300"}],"up":[{"embeddable":true,"href":"https:\/\/siba.ssi.gov.pt\/en\/wp-json\/wp\/v2\/pages\/137"}],"wp:attachment":[{"href":"https:\/\/siba.ssi.gov.pt\/en\/wp-json\/wp\/v2\/media?parent=162"}],"curies":[{"name":"wp","href":"https:\/\/api.w.org\/{rel}","templated":true}]}}