{"id":26,"date":"2018-10-26T09:38:43","date_gmt":"2018-10-26T09:38:43","guid":{"rendered":"http:\/\/siba.sef.pt\/?page_id=26"},"modified":"2024-11-26T11:05:13","modified_gmt":"2024-11-26T11:05:13","slug":"ajuda","status":"publish","type":"page","link":"https:\/\/siba.ssi.gov.pt\/en\/ajuda\/","title":{"rendered":"(Portugu\u00eas) Ajuda\/Help"},"content":{"rendered":"<p><\/p>\n<p>[vc_section css=&#8221;.vc_custom_1634893962966{margin-top: -140px !important;}&#8221;][vc_row][vc_column width=&#8221;1\/6&#8243;][vc_empty_space height=&#8221;50px&#8221;][vc_single_image image=&#8221;67&#8243; img_size=&#8221;full&#8221; alignment=&#8221;center&#8221; onclick=&#8221;custom_link&#8221; el_class=&#8221;box-image-text&#8221; link=&#8221;\/&#8221;][\/vc_column][vc_column width=&#8221;2\/3&#8243;][vc_empty_space height=&#8221;56px&#8221;][vc_row_inner][vc_column_inner][vc_column_text]<\/p>\n<h3><span style=\"color: #ffffff;\">MANUAL DO UTILIZADOR<\/span><\/h3>\n<p>[\/vc_column_text][vc_separator align=&#8221;align_left&#8221;][\/vc_column_inner][\/vc_row_inner][vc_empty_space height=&#8221;16px&#8221;][vc_row_inner][vc_column_inner width=&#8221;1\/3&#8243;][vc_single_image image=&#8221;127&#8243; img_size=&#8221;full&#8221; alignment=&#8221;center&#8221; style=&#8221;vc_box_rounded&#8221;][\/vc_column_inner][vc_column_inner width=&#8221;2\/3&#8243;][vc_column_text]<i class=\"wp-svg-arrow-right-2 arrow-right-2\"><\/i>\u00a0 Registo de nova Unidade Hoteleira<\/p>\n<p><i class=\"wp-svg-arrow-right-2 arrow-right-2\"><\/i>\u00a0 Actualiza\u00e7\u00e3o dos dados de inscri\u00e7\u00e3o<\/p>\n<p><i class=\"wp-svg-arrow-right-2 arrow-right-2\"><\/i>\u00a0 Comunica\u00e7\u00e3o de Boletins de Alojamento<\/p>\n<p><i class=\"wp-svg-arrow-right-2 arrow-right-2\"><\/i>\u00a0 Visualiza\u00e7\u00e3o de of\u00edcios gerados<\/p>\n<p><i class=\"wp-svg-arrow-right-2 arrow-right-2\"><\/i>\u00a0 Normas gerais de preenchimento<\/p>\n<p><i class=\"wp-svg-arrow-right-2 arrow-right-2\"><\/i>\u00a0 Anomalias[\/vc_column_text][\/vc_column_inner][\/vc_row_inner][vc_empty_space][vc_column_text]<\/p>\n<h3><span style=\"color: #ffffff;\">PERGUNTAS FREQUENTES<\/span><\/h3>\n<p>[\/vc_column_text][vc_separator align=&#8221;align_left&#8221;][vc_empty_space][vc_tta_accordion color=&#8221;white&#8221; c_icon=&#8221;triangle&#8221; active_section=&#8221;99&#8243; no_fill=&#8221;true&#8221; collapsible_all=&#8221;true&#8221;][vc_tta_section title=&#8221;O que \u00e9 o SIBA?&#8221; tab_id=&#8221;1540561196177-449fa1a3-57f0&#8243;][vc_column_text]<\/p>\n<p style=\"text-align: justify;\">O Sistema de Informa\u00e7\u00e3o de Boletins de Alojamento (SIBA) faculta aos estabelecimentos hoteleiros e similares a possibilidade de, com facilidade e em cumprimento de uma obriga\u00e7\u00e3o legal, se registarem neste Sistema e passarem a poder proceder \u00e0 comunica\u00e7\u00e3o do alojamento de cidad\u00e3os estrangeiros, por via eletr\u00f3nica, eliminando as comunica\u00e7\u00f5es em papel via fax.<\/p>\n<p style=\"text-align: justify;\">O Sistema de Informa\u00e7\u00e3o de Boletins de Alojamento (SIBA) \u00e9 criado pela Portaria n.\u00ba 287\/07, de 16 de mar\u00e7o. A Lei 23\/2007, de 4 de julho (Lei de Estrangeiros) veio consolidar e aperfei\u00e7oar a credencial legal relativa \u00e0 comunica\u00e7\u00e3o eletr\u00f3nica de informa\u00e7\u00e3o relativa a alojamento, prevendo, no n.\u00ba 4 do artigo 15.\u00ba, que os estabelecimentos hoteleiros e similares devem proceder ao seu registo junto do SEF como utilizadores do SIBA, por forma a poderem proceder \u00e0 respetiva comunica\u00e7\u00e3o eletr\u00f3nica em condi\u00e7\u00f5es de seguran\u00e7a. A Portaria n.\u00ba 415\/2008, de 11 de junho manteve em vigor o quadro aplic\u00e1vel ao SIBA e aprovou o modelo atualizado de boletim de alojamento, determinando a sua distribui\u00e7\u00e3o gratuita atrav\u00e9s do portal do SEF na Internet.<\/p>\n<p>[\/vc_column_text][\/vc_tta_section][vc_tta_section title=&#8221;Section 2&#8243; tab_id=&#8221;1540561196215-533cfe99-5d85&#8243;][\/vc_tta_section][\/vc_tta_accordion][\/vc_column][\/vc_row][\/vc_section]<\/p>\n<p><\/p>","protected":false},"excerpt":{"rendered":"<p>[vc_section css=&#8221;.vc_custom_1634893962966{margin-top: -140px !important;}&#8221;][vc_row][vc_column width=&#8221;1\/6&#8243;][vc_empty_space height=&#8221;50px&#8221;][vc_single_image image=&#8221;67&#8243; img_size=&#8221;full&#8221; alignment=&#8221;center&#8221; onclick=&#8221;custom_link&#8221; el_class=&#8221;box-image-text&#8221; link=&#8221;\/&#8221;][\/vc_column][vc_column width=&#8221;2\/3&#8243;][vc_empty_space height=&#8221;56px&#8221;][vc_row_inner][vc_column_inner][vc_column_text] MANUAL DO UTILIZADOR [\/vc_column_text][vc_separator align=&#8221;align_left&#8221;][\/vc_column_inner][\/vc_row_inner][vc_empty_space height=&#8221;16px&#8221;][vc_row_inner][vc_column_inner&#8230;<\/p>\n","protected":false},"author":1,"featured_media":0,"parent":0,"menu_order":0,"comment_status":"closed","ping_status":"closed","template":"","meta":{"footnotes":""},"class_list":["post-26","page","type-page","status-publish"],"_links":{"self":[{"href":"https:\/\/siba.ssi.gov.pt\/en\/wp-json\/wp\/v2\/pages\/26","targetHints":{"allow":["GET"]}}],"collection":[{"href":"https:\/\/siba.ssi.gov.pt\/en\/wp-json\/wp\/v2\/pages"}],"about":[{"href":"https:\/\/siba.ssi.gov.pt\/en\/wp-json\/wp\/v2\/types\/page"}],"author":[{"embeddable":true,"href":"https:\/\/siba.ssi.gov.pt\/en\/wp-json\/wp\/v2\/users\/1"}],"replies":[{"embeddable":true,"href":"https:\/\/siba.ssi.gov.pt\/en\/wp-json\/wp\/v2\/comments?post=26"}],"version-history":[{"count":57,"href":"https:\/\/siba.ssi.gov.pt\/en\/wp-json\/wp\/v2\/pages\/26\/revisions"}],"predecessor-version":[{"id":618,"href":"https:\/\/siba.ssi.gov.pt\/en\/wp-json\/wp\/v2\/pages\/26\/revisions\/618"}],"wp:attachment":[{"href":"https:\/\/siba.ssi.gov.pt\/en\/wp-json\/wp\/v2\/media?parent=26"}],"curies":[{"name":"wp","href":"https:\/\/api.w.org\/{rel}","templated":true}]}}