{"id":620,"date":"2024-11-26T11:05:49","date_gmt":"2024-11-26T11:05:49","guid":{"rendered":"https:\/\/siba.ssi.gov.pt\/?page_id=620"},"modified":"2026-01-12T11:54:47","modified_gmt":"2026-01-12T11:54:47","slug":"manual","status":"publish","type":"page","link":"https:\/\/siba.ssi.gov.pt\/en\/ajuda\/manual\/","title":{"rendered":"(Portugu\u00eas) Manual do Utilizador \/ User Manual"},"content":{"rendered":"<p><\/p>\n<p>[vc_section][vc_row][vc_column width=&#8221;1\/6&#8243;][vc_empty_space height=&#8221;50px&#8221;][vc_single_image image=&#8221;67&#8243; img_size=&#8221;full&#8221; alignment=&#8221;center&#8221; onclick=&#8221;custom_link&#8221; el_class=&#8221;box-image-text&#8221; link=&#8221;\/&#8221;][\/vc_column][vc_column width=&#8221;2\/3&#8243;][vc_empty_space height=&#8221;56px&#8221;][vc_row_inner][vc_column_inner][vc_column_text]<\/p>\n<h3><span style=\"color: #ffffff;\">MANUAL DO UTILIZADOR\/ USER MANUAL<\/span><\/h3>\n<p>[\/vc_column_text][vc_separator align=&#8221;align_left&#8221;][\/vc_column_inner][\/vc_row_inner][vc_empty_space height=&#8221;16px&#8221;][vc_row_inner][vc_column_inner width=&#8221;1\/3&#8243;][vc_single_image image=&#8221;394&#8243; img_size=&#8221;full&#8221; alignment=&#8221;center&#8221; style=&#8221;vc_box_rounded&#8221;][vc_column_text]<\/p>\n<p style=\"text-align: center;\"><a href=\"\/files\/SIBA_Manual_de_Utilizador_v1.4.pdf\" target=\"_blank\" rel=\"noopener\"><strong><i class=\"wp-svg-download-3 download-3\"><\/i><\/strong> Descarregar Manual<\/a><\/p>\n<p style=\"text-align: center;\"><a href=\"\/files\/SIBA_Manual_de_Utilizador_v1_ingles-1.pdf\" target=\"_blank\" rel=\"noopener\"><strong><i class=\"wp-svg-download-3 download-3\"><\/i><\/strong> Download English Manual<\/a><\/p>\n<p>[\/vc_column_text][\/vc_column_inner][vc_column_inner width=&#8221;2\/3&#8243;][vc_column_text]<\/p>\n<p style=\"text-align: justify;\"><i class=\"wp-svg-arrow-right-2 arrow-right-2\"><\/i>\u00a0 Inscri\u00e7\u00e3o de nova Unidade Hoteleira ou similar<\/p>\n<p style=\"text-align: justify;\"><i class=\"wp-svg-arrow-right-2 arrow-right-2\"><\/i>\u00a0 Atualiza\u00e7\u00e3o dos dados de inscri\u00e7\u00e3o<\/p>\n<p style=\"text-align: justify;\"><i class=\"wp-svg-arrow-right-2 arrow-right-2\"><\/i>\u00a0 Comunica\u00e7\u00e3o de Boletins de Alojamento <\/p>\n<p style=\"text-align: justify;\"><i class=\"wp-svg-arrow-right-2 arrow-right-2\"><\/i>\u00a0 Visualiza\u00e7\u00e3o de of\u00edcios gerados <\/p>\n<p style=\"text-align: justify;\"><i class=\"wp-svg-arrow-right-2 arrow-right-2\"><\/i>\u00a0 Normas gerais de preenchimento <\/p>\n<p style=\"text-align: justify;\"><i class=\"wp-svg-arrow-right-2 arrow-right-2\"><\/i>\u00a0 Anomalias <\/p>\n<p>[\/vc_column_text][\/vc_column_inner][\/vc_row_inner][\/vc_column][\/vc_row][\/vc_section]<\/p>\n<p><\/p>","protected":false},"excerpt":{"rendered":"<p>[vc_section][vc_row][vc_column width=&#8221;1\/6&#8243;][vc_empty_space height=&#8221;50px&#8221;][vc_single_image image=&#8221;67&#8243; img_size=&#8221;full&#8221; alignment=&#8221;center&#8221; onclick=&#8221;custom_link&#8221; el_class=&#8221;box-image-text&#8221; link=&#8221;\/&#8221;][\/vc_column][vc_column width=&#8221;2\/3&#8243;][vc_empty_space height=&#8221;56px&#8221;][vc_row_inner][vc_column_inner][vc_column_text] MANUAL DO UTILIZADOR\/ USER MANUAL [\/vc_column_text][vc_separator align=&#8221;align_left&#8221;][\/vc_column_inner][\/vc_row_inner][vc_empty_space height=&#8221;16px&#8221;][vc_row_inner][vc_column_inner width=&#8221;1\/3&#8243;][vc_single_image&#8230;<\/p>\n","protected":false},"author":1,"featured_media":0,"parent":26,"menu_order":0,"comment_status":"closed","ping_status":"closed","template":"","meta":{"footnotes":""},"class_list":["post-620","page","type-page","status-publish"],"_links":{"self":[{"href":"https:\/\/siba.ssi.gov.pt\/en\/wp-json\/wp\/v2\/pages\/620","targetHints":{"allow":["GET"]}}],"collection":[{"href":"https:\/\/siba.ssi.gov.pt\/en\/wp-json\/wp\/v2\/pages"}],"about":[{"href":"https:\/\/siba.ssi.gov.pt\/en\/wp-json\/wp\/v2\/types\/page"}],"author":[{"embeddable":true,"href":"https:\/\/siba.ssi.gov.pt\/en\/wp-json\/wp\/v2\/users\/1"}],"replies":[{"embeddable":true,"href":"https:\/\/siba.ssi.gov.pt\/en\/wp-json\/wp\/v2\/comments?post=620"}],"version-history":[{"count":6,"href":"https:\/\/siba.ssi.gov.pt\/en\/wp-json\/wp\/v2\/pages\/620\/revisions"}],"predecessor-version":[{"id":677,"href":"https:\/\/siba.ssi.gov.pt\/en\/wp-json\/wp\/v2\/pages\/620\/revisions\/677"}],"up":[{"embeddable":true,"href":"https:\/\/siba.ssi.gov.pt\/en\/wp-json\/wp\/v2\/pages\/26"}],"wp:attachment":[{"href":"https:\/\/siba.ssi.gov.pt\/en\/wp-json\/wp\/v2\/media?parent=620"}],"curies":[{"name":"wp","href":"https:\/\/api.w.org\/{rel}","templated":true}]}}